{"id":74,"date":"2017-06-02T20:02:34","date_gmt":"2017-06-02T20:02:34","guid":{"rendered":"https:\/\/closcolombia.com\/?page_id=74"},"modified":"2024-08-09T15:48:07","modified_gmt":"2024-08-09T15:48:07","slug":"home","status":"publish","type":"page","link":"https:\/\/closcolombia.com\/","title":{"rendered":"CLOS"},"content":{"rendered":"<p>Somos una compa\u00f1\u00eda dedicada a la importaci\u00f3n de vinos a Colombia procedentes de Espa\u00f1a, Italia, Portugal y Francia. &nbsp;Buscamos bodegas especiales, familiares, guiadas por la pasi\u00f3n, que sobresalgan por el cuidado extremo de su producto y con una excelente relaci\u00f3n calidad\/precio.<\/p>\n<p>Todas nuestras etiquetas cuentan una historia y estamos orgullosos de poderla compartir con ustedes.<\/p>\n","protected":false},"excerpt":{"rendered":"<p>Somos una compa\u00f1\u00eda dedicada a la importaci\u00f3n de vinos a Colombia procedentes de Espa\u00f1a, Italia, Portugal y Francia. &nbsp;Buscamos bodegas especiales, familiares, guiadas por la pasi\u00f3n, que sobresalgan por el cuidado extremo de su producto y con una excelente relaci\u00f3n calidad\/precio. Todas nuestras etiquetas cuentan una historia y estamos orgullosos de poderla compartir con ustedes.<\/p>\n","protected":false},"author":1,"featured_media":0,"parent":0,"menu_order":0,"comment_status":"closed","ping_status":"closed","template":"","meta":{"_monsterinsights_skip_tracking":false,"_monsterinsights_sitenote_active":false,"_monsterinsights_sitenote_note":"","_monsterinsights_sitenote_category":0,"footnotes":""},"class_list":["post-74","page","type-page","status-publish","hentry"],"aioseo_notices":[],"_links":{"self":[{"href":"https:\/\/closcolombia.com\/index.php?rest_route=\/wp\/v2\/pages\/74","targetHints":{"allow":["GET"]}}],"collection":[{"href":"https:\/\/closcolombia.com\/index.php?rest_route=\/wp\/v2\/pages"}],"about":[{"href":"https:\/\/closcolombia.com\/index.php?rest_route=\/wp\/v2\/types\/page"}],"author":[{"embeddable":true,"href":"https:\/\/closcolombia.com\/index.php?rest_route=\/wp\/v2\/users\/1"}],"replies":[{"embeddable":true,"href":"https:\/\/closcolombia.com\/index.php?rest_route=%2Fwp%2Fv2%2Fcomments&post=74"}],"version-history":[{"count":6,"href":"https:\/\/closcolombia.com\/index.php?rest_route=\/wp\/v2\/pages\/74\/revisions"}],"predecessor-version":[{"id":330,"href":"https:\/\/closcolombia.com\/index.php?rest_route=\/wp\/v2\/pages\/74\/revisions\/330"}],"wp:attachment":[{"href":"https:\/\/closcolombia.com\/index.php?rest_route=%2Fwp%2Fv2%2Fmedia&parent=74"}],"curies":[{"name":"wp","href":"https:\/\/api.w.org\/{rel}","templated":true}]}}